{"id":313,"date":"2023-04-27T18:27:21","date_gmt":"2023-04-27T16:27:21","guid":{"rendered":"http:\/\/bajeczka.krakow.pl\/czyzyny\/?page_id=313"},"modified":"2023-04-27T21:20:10","modified_gmt":"2023-04-27T19:20:10","slug":"about-us","status":"publish","type":"page","link":"https:\/\/bajeczka.krakow.pl\/czyzyny\/en\/about-us\/","title":{"rendered":"About us"},"content":{"rendered":"\t\t<div data-elementor-type=\"wp-post\" data-elementor-id=\"313\" class=\"elementor elementor-313\">\n\t\t\t\t\t\t<section class=\"elementor-section elementor-top-section elementor-element elementor-element-90b2a7b elementor-section-boxed elementor-section-height-default elementor-section-height-default\" data-id=\"90b2a7b\" data-element_type=\"section\">\n\t\t\t\t\t\t<div class=\"elementor-container elementor-column-gap-default\">\n\t\t\t\t\t<div class=\"elementor-column elementor-col-100 elementor-top-column elementor-element elementor-element-08e2a48\" data-id=\"08e2a48\" data-element_type=\"column\">\n\t\t\t<div class=\"elementor-widget-wrap elementor-element-populated\">\n\t\t\t\t\t\t<div class=\"elementor-element elementor-element-8661060 elementor-widget elementor-widget-spacer\" data-id=\"8661060\" data-element_type=\"widget\" data-widget_type=\"spacer.default\">\n\t\t\t\t<div class=\"elementor-widget-container\">\n\t\t\t\t\t<div class=\"elementor-spacer\">\n\t\t\t<div class=\"elementor-spacer-inner\"><\/div>\n\t\t<\/div>\n\t\t\t\t<\/div>\n\t\t\t\t<\/div>\n\t\t\t\t\t<\/div>\n\t\t<\/div>\n\t\t\t\t\t<\/div>\n\t\t<\/section>\n\t\t\t\t<section class=\"elementor-section elementor-top-section elementor-element elementor-element-a37538b elementor-section-boxed elementor-section-height-default elementor-section-height-default\" data-id=\"a37538b\" data-element_type=\"section\">\n\t\t\t\t\t\t<div class=\"elementor-container elementor-column-gap-default\">\n\t\t\t\t\t<div class=\"elementor-column elementor-col-100 elementor-top-column elementor-element elementor-element-3a7e49b\" data-id=\"3a7e49b\" data-element_type=\"column\">\n\t\t\t<div class=\"elementor-widget-wrap elementor-element-populated\">\n\t\t\t\t\t\t<div class=\"elementor-element elementor-element-23d6a77 elementor-widget elementor-widget-heading\" data-id=\"23d6a77\" data-element_type=\"widget\" data-widget_type=\"heading.default\">\n\t\t\t\t<div class=\"elementor-widget-container\">\n\t\t\t<h2 class=\"elementor-heading-title elementor-size-default\">General information:<\/h2>\t\t<\/div>\n\t\t\t\t<\/div>\n\t\t\t\t\t<\/div>\n\t\t<\/div>\n\t\t\t\t\t<\/div>\n\t\t<\/section>\n\t\t\t\t<section class=\"elementor-section elementor-top-section elementor-element elementor-element-5a95763 elementor-section-boxed elementor-section-height-default elementor-section-height-default\" data-id=\"5a95763\" data-element_type=\"section\">\n\t\t\t\t\t\t<div class=\"elementor-container elementor-column-gap-default\">\n\t\t\t\t\t<div class=\"elementor-column elementor-col-50 elementor-top-column elementor-element elementor-element-c71283e\" data-id=\"c71283e\" data-element_type=\"column\">\n\t\t\t<div class=\"elementor-widget-wrap elementor-element-populated\">\n\t\t\t\t\t\t<div class=\"elementor-element elementor-element-f744ba4 elementor-widget elementor-widget-text-editor\" data-id=\"f744ba4\" data-element_type=\"widget\" data-widget_type=\"text-editor.default\">\n\t\t\t\t<div class=\"elementor-widget-container\">\n\t\t\t\t\t\t\t<p>\u00a0<\/p><p><span class=\"Y2IQFc\" lang=\"en\" style=\"color: #000000;\">Bajeczka is an intimate family-type kindergarten open from 7.00 &#8211; 17.00. Children aged 2.5 to 6 form one group spending time together during free games, meals, walks or any celebrations. In didactic classes, preschoolers work in age groups. The main attention is paid to upbringing and creating a warm atmosphere so that children feel important and accepted, can play well and wisely and learn about the world. For everyday walks and trips, we use the very attractive neighborhood of the estate with renovated, fenced playgrounds, a football and basketball field, and a safe hill for winter games. The Aviators Park with the Jordan Garden, the Aviation Museum, and the complex of sports fields at the University of Physical Education invite you to further trips.<\/span><\/p>\t\t\t\t\t\t<\/div>\n\t\t\t\t<\/div>\n\t\t\t\t\t<\/div>\n\t\t<\/div>\n\t\t\t\t<div class=\"elementor-column elementor-col-50 elementor-top-column elementor-element elementor-element-857d205\" data-id=\"857d205\" data-element_type=\"column\">\n\t\t\t<div class=\"elementor-widget-wrap elementor-element-populated\">\n\t\t\t\t\t\t<div class=\"elementor-element elementor-element-b50e34d elementor-widget elementor-widget-image\" data-id=\"b50e34d\" data-element_type=\"widget\" data-widget_type=\"image.default\">\n\t\t\t\t<div class=\"elementor-widget-container\">\n\t\t\t\t\t\t\t\t\t\t\t\t\t<img fetchpriority=\"high\" decoding=\"async\" width=\"390\" height=\"293\" src=\"https:\/\/bajeczka.krakow.pl\/wp-content\/uploads\/sites\/2\/2018\/12\/bajeczka-prz\u00f3d.jpg\" class=\"attachment-large size-large wp-image-68\" alt=\"\" srcset=\"https:\/\/bajeczka.krakow.pl\/wp-content\/uploads\/sites\/2\/2018\/12\/bajeczka-prz\u00f3d.jpg 390w, https:\/\/bajeczka.krakow.pl\/wp-content\/uploads\/sites\/2\/2018\/12\/bajeczka-prz\u00f3d-300x225.jpg 300w\" sizes=\"(max-width: 390px) 100vw, 390px\" \/>\t\t\t\t\t\t\t\t\t\t\t\t\t<\/div>\n\t\t\t\t<\/div>\n\t\t\t\t\t<\/div>\n\t\t<\/div>\n\t\t\t\t\t<\/div>\n\t\t<\/section>\n\t\t\t\t<section class=\"elementor-section elementor-top-section elementor-element elementor-element-57bea16 elementor-section-boxed elementor-section-height-default elementor-section-height-default\" data-id=\"57bea16\" data-element_type=\"section\">\n\t\t\t\t\t\t<div class=\"elementor-container elementor-column-gap-default\">\n\t\t\t\t\t<div class=\"elementor-column elementor-col-100 elementor-top-column elementor-element elementor-element-01609bf\" data-id=\"01609bf\" data-element_type=\"column\">\n\t\t\t<div class=\"elementor-widget-wrap elementor-element-populated\">\n\t\t\t\t\t\t<div class=\"elementor-element elementor-element-b7394bc elementor-widget elementor-widget-heading\" data-id=\"b7394bc\" data-element_type=\"widget\" data-widget_type=\"heading.default\">\n\t\t\t\t<div class=\"elementor-widget-container\">\n\t\t\t<h2 class=\"elementor-heading-title elementor-size-default\">Kindergarden Bajeczka operates on the basis of:<\/h2>\t\t<\/div>\n\t\t\t\t<\/div>\n\t\t\t\t\t<\/div>\n\t\t<\/div>\n\t\t\t\t\t<\/div>\n\t\t<\/section>\n\t\t\t\t<section class=\"elementor-section elementor-top-section elementor-element elementor-element-1ad81a8 elementor-section-boxed elementor-section-height-default elementor-section-height-default\" data-id=\"1ad81a8\" data-element_type=\"section\">\n\t\t\t\t\t\t<div class=\"elementor-container elementor-column-gap-default\">\n\t\t\t\t\t<div class=\"elementor-column elementor-col-100 elementor-top-column elementor-element elementor-element-b3a6dd2\" data-id=\"b3a6dd2\" data-element_type=\"column\">\n\t\t\t<div class=\"elementor-widget-wrap elementor-element-populated\">\n\t\t\t\t\t\t<div class=\"elementor-element elementor-element-e05cc89 elementor-widget elementor-widget-text-editor\" data-id=\"e05cc89\" data-element_type=\"widget\" data-widget_type=\"text-editor.default\">\n\t\t\t\t<div class=\"elementor-widget-container\">\n\t\t\t\t\t\t\t<p>Ustawy z dnia 14 grudnia 2016 r. &#8211; Prawo o\u015bwiatowe;<\/p><p>Ustawy z dnia 26 stycznia 1982 r. &#8211; Karta Nauczyciela;<\/p><p>Rozporz\u0105dzenia MEN w sprawie podstawy programowej wychowania przedszkolnego oraz kszta\u0142cenia og\u00f3lnego w poszczeg\u00f3lnych typach szk\u00f3\u0142;<\/p><p>Rozporz\u0105dzenia MEN w sprawie organizowania wczesnego wspomagania rozwoju dzieci;<\/p><p>Rozporz\u0105dzenia MEN w sprawie dopuszczenia do u\u017cytku szkolnego program\u00f3w wychowania przedszkolnego, program\u00f3w nauczania i podr\u0119cznik\u00f3w oraz cofania dopuszczenia;<\/p><p>Rozporz\u0105dzenia MEN w sprawie nadzoru pedagogicznego;<\/p><p>Statutu Prywatnego Przedszkola Bajeczka z 1 wrze\u015bnia 2004 r.<\/p>\t\t\t\t\t\t<\/div>\n\t\t\t\t<\/div>\n\t\t\t\t\t<\/div>\n\t\t<\/div>\n\t\t\t\t\t<\/div>\n\t\t<\/section>\n\t\t\t\t<section class=\"elementor-section elementor-top-section elementor-element elementor-element-2ec9fa5 elementor-section-boxed elementor-section-height-default elementor-section-height-default\" data-id=\"2ec9fa5\" data-element_type=\"section\">\n\t\t\t\t\t\t<div class=\"elementor-container elementor-column-gap-default\">\n\t\t\t\t\t<div class=\"elementor-column elementor-col-100 elementor-top-column elementor-element elementor-element-f017fa7\" data-id=\"f017fa7\" data-element_type=\"column\">\n\t\t\t<div class=\"elementor-widget-wrap elementor-element-populated\">\n\t\t\t\t\t\t<div class=\"elementor-element elementor-element-c29a950 elementor-widget elementor-widget-heading\" data-id=\"c29a950\" data-element_type=\"widget\" data-widget_type=\"heading.default\">\n\t\t\t\t<div class=\"elementor-widget-container\">\n\t\t\t<h2 class=\"elementor-heading-title elementor-size-default\">Teaching staff<\/h2>\t\t<\/div>\n\t\t\t\t<\/div>\n\t\t\t\t\t<\/div>\n\t\t<\/div>\n\t\t\t\t\t<\/div>\n\t\t<\/section>\n\t\t\t\t<section class=\"elementor-section elementor-top-section elementor-element elementor-element-ea462d8 elementor-section-boxed elementor-section-height-default elementor-section-height-default\" data-id=\"ea462d8\" data-element_type=\"section\">\n\t\t\t\t\t\t<div class=\"elementor-container elementor-column-gap-default\">\n\t\t\t\t\t<div class=\"elementor-column elementor-col-100 elementor-top-column elementor-element elementor-element-6eb0bc3\" data-id=\"6eb0bc3\" data-element_type=\"column\">\n\t\t\t<div class=\"elementor-widget-wrap elementor-element-populated\">\n\t\t\t\t\t\t<div class=\"elementor-element elementor-element-4fec0ab elementor-widget elementor-widget-spacer\" data-id=\"4fec0ab\" data-element_type=\"widget\" data-widget_type=\"spacer.default\">\n\t\t\t\t<div class=\"elementor-widget-container\">\n\t\t\t\t\t<div class=\"elementor-spacer\">\n\t\t\t<div class=\"elementor-spacer-inner\"><\/div>\n\t\t<\/div>\n\t\t\t\t<\/div>\n\t\t\t\t<\/div>\n\t\t\t\t\t<\/div>\n\t\t<\/div>\n\t\t\t\t\t<\/div>\n\t\t<\/section>\n\t\t\t\t<section class=\"elementor-section elementor-top-section elementor-element elementor-element-1757656 elementor-section-boxed elementor-section-height-default elementor-section-height-default\" data-id=\"1757656\" data-element_type=\"section\">\n\t\t\t\t\t\t<div class=\"elementor-container elementor-column-gap-default\">\n\t\t\t\t\t<div class=\"elementor-column elementor-col-25 elementor-top-column elementor-element elementor-element-c046fb8\" data-id=\"c046fb8\" data-element_type=\"column\">\n\t\t\t<div class=\"elementor-widget-wrap elementor-element-populated\">\n\t\t\t\t\t\t<div class=\"elementor-element elementor-element-50996d9 elementor-widget elementor-widget-image\" data-id=\"50996d9\" data-element_type=\"widget\" data-widget_type=\"image.default\">\n\t\t\t\t<div class=\"elementor-widget-container\">\n\t\t\t\t\t\t\t\t\t\t\t\t\t<img decoding=\"async\" width=\"579\" height=\"772\" src=\"https:\/\/bajeczka.krakow.pl\/wp-content\/uploads\/sites\/2\/2019\/01\/Nowy-7.jpg\" class=\"attachment-large size-large wp-image-119\" alt=\"\" srcset=\"https:\/\/bajeczka.krakow.pl\/wp-content\/uploads\/sites\/2\/2019\/01\/Nowy-7.jpg 579w, https:\/\/bajeczka.krakow.pl\/wp-content\/uploads\/sites\/2\/2019\/01\/Nowy-7-225x300.jpg 225w, https:\/\/bajeczka.krakow.pl\/wp-content\/uploads\/sites\/2\/2019\/01\/Nowy-7-520x693.jpg 520w\" sizes=\"(max-width: 579px) 100vw, 579px\" \/>\t\t\t\t\t\t\t\t\t\t\t\t\t<\/div>\n\t\t\t\t<\/div>\n\t\t\t\t\t<\/div>\n\t\t<\/div>\n\t\t\t\t<div class=\"elementor-column elementor-col-25 elementor-top-column elementor-element elementor-element-f4ef98b\" data-id=\"f4ef98b\" data-element_type=\"column\">\n\t\t\t<div class=\"elementor-widget-wrap elementor-element-populated\">\n\t\t\t\t\t\t<div class=\"elementor-element elementor-element-5a3f0a1 elementor-widget elementor-widget-text-editor\" data-id=\"5a3f0a1\" data-element_type=\"widget\" data-widget_type=\"text-editor.default\">\n\t\t\t\t<div class=\"elementor-widget-container\">\n\t\t\t\t\t\t\t<p>Iwona Socha\u0144<\/p><p>Dyrektor Przedszkola<\/p><p>Nauczycielka<\/p><p>Absolwentka Akademii Pedagogicznej w Krakowie<\/p><p>Specjalizacja: Wychowanie Przedszkolne<\/p>\t\t\t\t\t\t<\/div>\n\t\t\t\t<\/div>\n\t\t\t\t\t<\/div>\n\t\t<\/div>\n\t\t\t\t<div class=\"elementor-column elementor-col-25 elementor-top-column elementor-element elementor-element-c4b8dbe\" data-id=\"c4b8dbe\" data-element_type=\"column\">\n\t\t\t<div class=\"elementor-widget-wrap elementor-element-populated\">\n\t\t\t\t\t\t<div class=\"elementor-element elementor-element-243a5e1 elementor-widget elementor-widget-text-editor\" data-id=\"243a5e1\" data-element_type=\"widget\" data-widget_type=\"text-editor.default\">\n\t\t\t\t<div class=\"elementor-widget-container\">\n\t\t\t\t\t\t\t<p>Marzena Wasilewska<\/p><p>Nauczycielka<\/p><p>Absolwentka Wy\u017cszej Szko\u0142y Filozoficzno-Pedagogicznej &#8222;Ignatianum&#8221; w Krakowie<\/p><p>Studia magisterskie: Pedagogika Spo\u0142eczno-opieku\u0144cza<\/p><p>Studia podyplomowe: Wychowanie Przedszkolne<\/p><p>\u00a0<\/p>\t\t\t\t\t\t<\/div>\n\t\t\t\t<\/div>\n\t\t\t\t\t<\/div>\n\t\t<\/div>\n\t\t\t\t<div class=\"elementor-column elementor-col-25 elementor-top-column elementor-element elementor-element-6446e4a\" data-id=\"6446e4a\" data-element_type=\"column\">\n\t\t\t<div class=\"elementor-widget-wrap elementor-element-populated\">\n\t\t\t\t\t\t<div class=\"elementor-element elementor-element-9bfb99c elementor-widget elementor-widget-image\" data-id=\"9bfb99c\" data-element_type=\"widget\" data-widget_type=\"image.default\">\n\t\t\t\t<div class=\"elementor-widget-container\">\n\t\t\t\t\t\t\t\t\t\t\t\t\t<img decoding=\"async\" width=\"692\" height=\"917\" src=\"https:\/\/bajeczka.krakow.pl\/wp-content\/uploads\/sites\/2\/2019\/01\/1.jpg\" class=\"attachment-large size-large wp-image-113\" alt=\"\" srcset=\"https:\/\/bajeczka.krakow.pl\/wp-content\/uploads\/sites\/2\/2019\/01\/1.jpg 692w, https:\/\/bajeczka.krakow.pl\/wp-content\/uploads\/sites\/2\/2019\/01\/1-226x300.jpg 226w, https:\/\/bajeczka.krakow.pl\/wp-content\/uploads\/sites\/2\/2019\/01\/1-520x689.jpg 520w\" sizes=\"(max-width: 692px) 100vw, 692px\" \/>\t\t\t\t\t\t\t\t\t\t\t\t\t<\/div>\n\t\t\t\t<\/div>\n\t\t\t\t\t<\/div>\n\t\t<\/div>\n\t\t\t\t\t<\/div>\n\t\t<\/section>\n\t\t\t\t<section class=\"elementor-section elementor-top-section elementor-element elementor-element-f2b01fd elementor-section-boxed elementor-section-height-default elementor-section-height-default\" data-id=\"f2b01fd\" data-element_type=\"section\">\n\t\t\t\t\t\t<div class=\"elementor-container elementor-column-gap-default\">\n\t\t\t\t\t<div class=\"elementor-column elementor-col-50 elementor-top-column elementor-element elementor-element-12368c5\" data-id=\"12368c5\" data-element_type=\"column\">\n\t\t\t<div class=\"elementor-widget-wrap elementor-element-populated\">\n\t\t\t\t\t\t<div class=\"elementor-element elementor-element-a69940b elementor-widget elementor-widget-text-editor\" data-id=\"a69940b\" data-element_type=\"widget\" data-widget_type=\"text-editor.default\">\n\t\t\t\t<div class=\"elementor-widget-container\">\n\t\t\t\t\t\t\t<p><span class=\"Y2IQFc\" lang=\"en\">I am a preschool educator by education and passion. I combine the combination of a principal and a teacher because live contact with children gives me one of the extra extras in life. Try to tell children the simplest truth: \\&#8221;The world is beautiful, a smile opens the heart, it&#8217;s worth being good.<\/span><\/p>\t\t\t\t\t\t<\/div>\n\t\t\t\t<\/div>\n\t\t\t\t\t<\/div>\n\t\t<\/div>\n\t\t\t\t<div class=\"elementor-column elementor-col-50 elementor-top-column elementor-element elementor-element-0fb013d\" data-id=\"0fb013d\" data-element_type=\"column\">\n\t\t\t<div class=\"elementor-widget-wrap elementor-element-populated\">\n\t\t\t\t\t\t<div class=\"elementor-element elementor-element-aedd09f elementor-widget elementor-widget-text-editor\" data-id=\"aedd09f\" data-element_type=\"widget\" data-widget_type=\"text-editor.default\">\n\t\t\t\t<div class=\"elementor-widget-container\">\n\t\t\t\t\t\t\t<p><span class=\"Y2IQFc\" lang=\"en\">I was born in Krakow. I graduated from both my master&#8217;s and postgraduate studies at the \\&#8221;Ignatianum\\&#8221; Academy. I have been working with children for several years. Privately, I am interested in fine arts and music. That is why I try to introduce the broadly understood art to values \u200b\u200bin classes with elements of art therapy and education<\/span><\/p>\t\t\t\t\t\t<\/div>\n\t\t\t\t<\/div>\n\t\t\t\t\t<\/div>\n\t\t<\/div>\n\t\t\t\t\t<\/div>\n\t\t<\/section>\n\t\t\t\t<section class=\"elementor-section elementor-top-section elementor-element elementor-element-6b5261f elementor-section-boxed elementor-section-height-default elementor-section-height-default\" data-id=\"6b5261f\" data-element_type=\"section\">\n\t\t\t\t\t\t<div class=\"elementor-container elementor-column-gap-default\">\n\t\t\t\t\t<div class=\"elementor-column elementor-col-25 elementor-top-column elementor-element elementor-element-a1514f6\" data-id=\"a1514f6\" data-element_type=\"column\">\n\t\t\t<div class=\"elementor-widget-wrap elementor-element-populated\">\n\t\t\t\t\t\t<div class=\"elementor-element elementor-element-369af4c elementor-widget elementor-widget-image\" data-id=\"369af4c\" data-element_type=\"widget\" data-widget_type=\"image.default\">\n\t\t\t\t<div class=\"elementor-widget-container\">\n\t\t\t\t\t\t\t\t\t\t\t\t\t<img loading=\"lazy\" decoding=\"async\" width=\"768\" height=\"1024\" src=\"https:\/\/bajeczka.krakow.pl\/wp-content\/uploads\/sites\/2\/2019\/01\/Nowy-2-768x1024.jpg\" class=\"attachment-large size-large wp-image-114\" alt=\"\" srcset=\"https:\/\/bajeczka.krakow.pl\/wp-content\/uploads\/sites\/2\/2019\/01\/Nowy-2-768x1024.jpg 768w, https:\/\/bajeczka.krakow.pl\/wp-content\/uploads\/sites\/2\/2019\/01\/Nowy-2-225x300.jpg 225w, https:\/\/bajeczka.krakow.pl\/wp-content\/uploads\/sites\/2\/2019\/01\/Nowy-2-520x693.jpg 520w, https:\/\/bajeczka.krakow.pl\/wp-content\/uploads\/sites\/2\/2019\/01\/Nowy-2-740x987.jpg 740w, https:\/\/bajeczka.krakow.pl\/wp-content\/uploads\/sites\/2\/2019\/01\/Nowy-2.jpg 780w\" sizes=\"(max-width: 768px) 100vw, 768px\" \/>\t\t\t\t\t\t\t\t\t\t\t\t\t<\/div>\n\t\t\t\t<\/div>\n\t\t\t\t\t<\/div>\n\t\t<\/div>\n\t\t\t\t<div class=\"elementor-column elementor-col-25 elementor-top-column elementor-element elementor-element-135b9dc\" data-id=\"135b9dc\" data-element_type=\"column\">\n\t\t\t<div class=\"elementor-widget-wrap elementor-element-populated\">\n\t\t\t\t\t\t<div class=\"elementor-element elementor-element-2817914 elementor-widget elementor-widget-text-editor\" data-id=\"2817914\" data-element_type=\"widget\" data-widget_type=\"text-editor.default\">\n\t\t\t\t<div class=\"elementor-widget-container\">\n\t\t\t\t\t\t\t<p>Weronika Socha\u0144<\/p><p>Nauczycielka<\/p><p>Absolwentka KA im. Frycza-Modrzewskiego<\/p><p>Studia licencjackie: Zarz\u0105dzanie<\/p><p>Absolwentka Akademii Filozoficzno-Pedagogicznej &#8222;Ignatianum&#8221; w Krakowie<\/p><p>Studia magisterskie: Edukacja wczesnoszkolna<\/p><p>Studia podyplomowe: Wychowanie Przedszkolne<\/p><p style=\"margin-bottom: 0cm;\">\u00a0<\/p>\t\t\t\t\t\t<\/div>\n\t\t\t\t<\/div>\n\t\t\t\t\t<\/div>\n\t\t<\/div>\n\t\t\t\t<div class=\"elementor-column elementor-col-25 elementor-top-column elementor-element elementor-element-f8b1889\" data-id=\"f8b1889\" data-element_type=\"column\">\n\t\t\t<div class=\"elementor-widget-wrap elementor-element-populated\">\n\t\t\t\t\t\t<div class=\"elementor-element elementor-element-825ad85 elementor-widget elementor-widget-text-editor\" data-id=\"825ad85\" data-element_type=\"widget\" data-widget_type=\"text-editor.default\">\n\t\t\t\t<div class=\"elementor-widget-container\">\n\t\t\t\t\t\t\t<p>Paulina Dorynek<\/p><p>Asystent nauczyciela<\/p><p>Absolwentka Prywatnego Policealnego Studium Zawodowego dla Doros\u0142ych &#8222;\u017bak&#8221;<\/p><p>Kierunek: Asystent nauczyciela przedszkola<\/p><p>Kurs Animatora Zabaw Dzieci\u0119cych<\/p>\t\t\t\t\t\t<\/div>\n\t\t\t\t<\/div>\n\t\t\t\t\t<\/div>\n\t\t<\/div>\n\t\t\t\t<div class=\"elementor-column elementor-col-25 elementor-top-column elementor-element elementor-element-687dc90\" data-id=\"687dc90\" data-element_type=\"column\">\n\t\t\t<div class=\"elementor-widget-wrap elementor-element-populated\">\n\t\t\t\t\t\t<div class=\"elementor-element elementor-element-fa5132d elementor-widget elementor-widget-image\" data-id=\"fa5132d\" data-element_type=\"widget\" data-widget_type=\"image.default\">\n\t\t\t\t<div class=\"elementor-widget-container\">\n\t\t\t\t\t\t\t\t\t\t\t\t\t<img loading=\"lazy\" decoding=\"async\" width=\"768\" height=\"1024\" src=\"https:\/\/bajeczka.krakow.pl\/wp-content\/uploads\/sites\/2\/2019\/01\/Nowy-3-768x1024.jpg\" class=\"attachment-large size-large wp-image-116\" alt=\"\" srcset=\"https:\/\/bajeczka.krakow.pl\/wp-content\/uploads\/sites\/2\/2019\/01\/Nowy-3-768x1024.jpg 768w, https:\/\/bajeczka.krakow.pl\/wp-content\/uploads\/sites\/2\/2019\/01\/Nowy-3-225x300.jpg 225w, https:\/\/bajeczka.krakow.pl\/wp-content\/uploads\/sites\/2\/2019\/01\/Nowy-3-520x693.jpg 520w, https:\/\/bajeczka.krakow.pl\/wp-content\/uploads\/sites\/2\/2019\/01\/Nowy-3-740x987.jpg 740w, https:\/\/bajeczka.krakow.pl\/wp-content\/uploads\/sites\/2\/2019\/01\/Nowy-3.jpg 780w\" sizes=\"(max-width: 768px) 100vw, 768px\" \/>\t\t\t\t\t\t\t\t\t\t\t\t\t<\/div>\n\t\t\t\t<\/div>\n\t\t\t\t\t<\/div>\n\t\t<\/div>\n\t\t\t\t\t<\/div>\n\t\t<\/section>\n\t\t\t\t<section class=\"elementor-section elementor-top-section elementor-element elementor-element-fa8274c elementor-section-boxed elementor-section-height-default elementor-section-height-default\" data-id=\"fa8274c\" data-element_type=\"section\">\n\t\t\t\t\t\t<div class=\"elementor-container elementor-column-gap-default\">\n\t\t\t\t\t<div class=\"elementor-column elementor-col-50 elementor-top-column elementor-element elementor-element-42bd721\" data-id=\"42bd721\" data-element_type=\"column\">\n\t\t\t<div class=\"elementor-widget-wrap elementor-element-populated\">\n\t\t\t\t\t\t<div class=\"elementor-element elementor-element-d8da3f1 elementor-widget elementor-widget-text-editor\" data-id=\"d8da3f1\" data-element_type=\"widget\" data-widget_type=\"text-editor.default\">\n\t\t\t\t<div class=\"elementor-widget-container\">\n\t\t\t\t\t\t\t<p>I am a pre-school and early school educator by education, I also graduated from a management related course. Working with children gives me a lot of joy, satisfaction and fulfillment. Children&#8217;s emotions, behavior and way of thinking are intriguing and inspiring for me. I like to observe preschoolers during free activities, play with them and pass on knowledge and values to them. In my free time, I like reading and watching detective stories and exploring natural cosmetics.<\/p>\t\t\t\t\t\t<\/div>\n\t\t\t\t<\/div>\n\t\t\t\t\t<\/div>\n\t\t<\/div>\n\t\t\t\t<div class=\"elementor-column elementor-col-50 elementor-top-column elementor-element elementor-element-de3535e\" data-id=\"de3535e\" data-element_type=\"column\">\n\t\t\t<div class=\"elementor-widget-wrap elementor-element-populated\">\n\t\t\t\t\t\t<div class=\"elementor-element elementor-element-cf2beae elementor-widget elementor-widget-text-editor\" data-id=\"cf2beae\" data-element_type=\"widget\" data-widget_type=\"text-editor.default\">\n\t\t\t\t<div class=\"elementor-widget-container\">\n\t\t\t\t\t\t\t<p>I like working with children and seeing every progress they make in their development. I like watching their always smiling faces. I&#8217;m interested in travelling, photography, and any art work.<\/p>\t\t\t\t\t\t<\/div>\n\t\t\t\t<\/div>\n\t\t\t\t\t<\/div>\n\t\t<\/div>\n\t\t\t\t\t<\/div>\n\t\t<\/section>\n\t\t\t\t<section class=\"elementor-section elementor-top-section elementor-element elementor-element-cabd388 elementor-section-boxed elementor-section-height-default elementor-section-height-default\" data-id=\"cabd388\" data-element_type=\"section\">\n\t\t\t\t\t\t<div class=\"elementor-container elementor-column-gap-default\">\n\t\t\t\t\t<div class=\"elementor-column elementor-col-100 elementor-top-column elementor-element elementor-element-5028cb8\" data-id=\"5028cb8\" data-element_type=\"column\">\n\t\t\t<div class=\"elementor-widget-wrap elementor-element-populated\">\n\t\t\t\t\t\t\t<\/div>\n\t\t<\/div>\n\t\t\t\t\t<\/div>\n\t\t<\/section>\n\t\t\t\t<\/div>\n\t\t","protected":false},"excerpt":{"rendered":"<p>General information: \u00a0 Bajeczka is an intimate family-type kindergarten open from 7.00 &#8211; 17.00. Children aged 2.5 to 6 form one group spending time together during free games, meals, walks or any celebrations. In didactic<a class=\"read-more\" href=\"https:\/\/bajeczka.krakow.pl\/czyzyny\/en\/about-us\/\">Continue reading<\/a><\/p>\n","protected":false},"author":1,"featured_media":0,"parent":0,"menu_order":0,"comment_status":"closed","ping_status":"closed","template":"page-templates\/page_fullwidth.php","meta":{"footnotes":""},"class_list":["post-313","page","type-page","status-publish","hentry"],"_links":{"self":[{"href":"https:\/\/bajeczka.krakow.pl\/czyzyny\/wp-json\/wp\/v2\/pages\/313","targetHints":{"allow":["GET"]}}],"collection":[{"href":"https:\/\/bajeczka.krakow.pl\/czyzyny\/wp-json\/wp\/v2\/pages"}],"about":[{"href":"https:\/\/bajeczka.krakow.pl\/czyzyny\/wp-json\/wp\/v2\/types\/page"}],"author":[{"embeddable":true,"href":"https:\/\/bajeczka.krakow.pl\/czyzyny\/wp-json\/wp\/v2\/users\/1"}],"replies":[{"embeddable":true,"href":"https:\/\/bajeczka.krakow.pl\/czyzyny\/wp-json\/wp\/v2\/comments?post=313"}],"version-history":[{"count":32,"href":"https:\/\/bajeczka.krakow.pl\/czyzyny\/wp-json\/wp\/v2\/pages\/313\/revisions"}],"predecessor-version":[{"id":360,"href":"https:\/\/bajeczka.krakow.pl\/czyzyny\/wp-json\/wp\/v2\/pages\/313\/revisions\/360"}],"wp:attachment":[{"href":"https:\/\/bajeczka.krakow.pl\/czyzyny\/wp-json\/wp\/v2\/media?parent=313"}],"curies":[{"name":"wp","href":"https:\/\/api.w.org\/{rel}","templated":true}]}}