{"id":28,"date":"2018-10-24T16:40:58","date_gmt":"2018-10-24T14:40:58","guid":{"rendered":"http:\/\/bajeczka.natropiezdumienia.com\/czyzyny\/?page_id=28"},"modified":"2025-07-22T14:20:41","modified_gmt":"2025-07-22T12:20:41","slug":"oferta","status":"publish","type":"page","link":"https:\/\/bajeczka.krakow.pl\/czyzyny\/oferta\/","title":{"rendered":"Oferta \/ Cennik"},"content":{"rendered":"\t\t<div data-elementor-type=\"wp-post\" data-elementor-id=\"28\" class=\"elementor elementor-28\">\n\t\t\t\t\t\t<section class=\"elementor-section elementor-top-section elementor-element elementor-element-4bda5c7 elementor-section-boxed elementor-section-height-default elementor-section-height-default\" data-id=\"4bda5c7\" data-element_type=\"section\">\n\t\t\t\t\t\t<div class=\"elementor-container elementor-column-gap-default\">\n\t\t\t\t\t<div class=\"elementor-column elementor-col-100 elementor-top-column elementor-element elementor-element-0463aa9\" data-id=\"0463aa9\" data-element_type=\"column\">\n\t\t\t<div class=\"elementor-widget-wrap elementor-element-populated\">\n\t\t\t\t\t\t\t<\/div>\n\t\t<\/div>\n\t\t\t\t\t<\/div>\n\t\t<\/section>\n\t\t\t\t<section class=\"elementor-section elementor-top-section elementor-element elementor-element-d3aad3e elementor-section-boxed elementor-section-height-default elementor-section-height-default\" data-id=\"d3aad3e\" data-element_type=\"section\">\n\t\t\t\t\t\t<div class=\"elementor-container elementor-column-gap-default\">\n\t\t\t\t\t<div class=\"elementor-column elementor-col-100 elementor-top-column elementor-element elementor-element-ac2d73e\" data-id=\"ac2d73e\" data-element_type=\"column\">\n\t\t\t<div class=\"elementor-widget-wrap elementor-element-populated\">\n\t\t\t\t\t\t<div class=\"elementor-element elementor-element-3848fc1 elementor-widget elementor-widget-heading\" data-id=\"3848fc1\" data-element_type=\"widget\" data-widget_type=\"heading.default\">\n\t\t\t\t<div class=\"elementor-widget-container\">\n\t\t\t<h2 class=\"elementor-heading-title elementor-size-default\">Oferta Opieku\u0144czo-Wychowawcza:<\/h2>\t\t<\/div>\n\t\t\t\t<\/div>\n\t\t\t\t\t<\/div>\n\t\t<\/div>\n\t\t\t\t\t<\/div>\n\t\t<\/section>\n\t\t\t\t<section class=\"elementor-section elementor-top-section elementor-element elementor-element-151f6a4 elementor-section-boxed elementor-section-height-default elementor-section-height-default\" data-id=\"151f6a4\" data-element_type=\"section\">\n\t\t\t\t\t\t<div class=\"elementor-container elementor-column-gap-default\">\n\t\t\t\t\t<div class=\"elementor-column elementor-col-100 elementor-top-column elementor-element elementor-element-ea47940\" data-id=\"ea47940\" data-element_type=\"column\">\n\t\t\t<div class=\"elementor-widget-wrap elementor-element-populated\">\n\t\t\t\t\t\t<div class=\"elementor-element elementor-element-101ce64 elementor-widget elementor-widget-text-editor\" data-id=\"101ce64\" data-element_type=\"widget\" data-widget_type=\"text-editor.default\">\n\t\t\t\t<div class=\"elementor-widget-container\">\n\t\t\t\t\t\t\t<p style=\"line-height: 150%;\" align=\"JUSTIFY\"><span style=\"color: #000000;\"><span style=\"font-family: Tahoma, sans-serif;\"><span style=\"font-size: 13pt;\">Przedszkole Bajeczka to plac\u00f3wka typu rodzinnego. Jej specyfik\u0105 jest promowanie warto\u015bci dobra, rodziny, m\u0105drego wychowania, pomagania innym. Pragniemy zaszczepi\u0107 w dzieciach wra\u017cliwo\u015b\u0107, mi\u0142o\u015b\u0107 do ksi\u0105\u017cek, poszanowanie przyrody, wiary we w\u0142asne si\u0142y.<\/span><\/span><\/span><\/p><p style=\"line-height: 150%;\"><span style=\"color: #000000;\"><span style=\"font-family: Tahoma, sans-serif;\"><span style=\"font-size: 13pt;\">Tworzymy atmosfer\u0119, w kt\u00f3rej dzieci mog\u0105 m\u00f3wi\u0107 do opiekunek &#8222;ciociu&#8221;, a urodziny obchodzone s\u0105 jak jeden z najwa\u017cnieszych dni w roku.<\/span><\/span><\/span><\/p><p style=\"line-height: 150%;\"><span style=\"color: #000000;\"><span style=\"font-family: Tahoma, sans-serif;\"><span style=\"font-size: 13pt;\">Opr\u00f3cz tego zapewniamy szerok\u0105 gam\u0119 zaje\u0107 dydaktycznych, rytmik\u0119, ta\u0144ce, ceramik\u0119, nauk\u0119 j\u0119zyka angielskiego, zaj\u0119cia plastyczne, kulinarne, logopedyczne i inne. W pe\u0142ni przygotowujemy dzieci do podj\u0119cia nauki w szkole.<\/span><\/span><\/span><\/p><p style=\"line-height: 150%;\"><span style=\"color: #000000;\"><span style=\"font-family: Tahoma, sans-serif;\"><span style=\"font-size: 13pt;\">W zakresie \u017cywienia dzieci od pocz\u0105tku wsp\u00f3\u0142pracujemy z firm\u0105 cateringow\u0105, kt\u00f3ra przygotowuje zdrowe obiady z ograniczon\u0105 ilo\u015bci\u0105 cukru, soli, potraw sma\u017conych. Dzieci codziennie otrzymuj\u0105 owoce sezonowe, warzywa, napoje na bazie herbat owocowych, cytryny, miodu. Dostosowujemy si\u0119 r\u00f3wnie\u017c do r\u00f3\u017cnych diet.<\/span><\/span><\/span><\/p>\t\t\t\t\t\t<\/div>\n\t\t\t\t<\/div>\n\t\t\t\t\t<\/div>\n\t\t<\/div>\n\t\t\t\t\t<\/div>\n\t\t<\/section>\n\t\t\t\t<section class=\"elementor-section elementor-top-section elementor-element elementor-element-0b41169 elementor-section-boxed elementor-section-height-default elementor-section-height-default\" data-id=\"0b41169\" data-element_type=\"section\">\n\t\t\t\t\t\t<div class=\"elementor-container elementor-column-gap-default\">\n\t\t\t\t\t<div class=\"elementor-column elementor-col-100 elementor-top-column elementor-element elementor-element-cf1f74c\" data-id=\"cf1f74c\" data-element_type=\"column\">\n\t\t\t<div class=\"elementor-widget-wrap elementor-element-populated\">\n\t\t\t\t\t\t<div class=\"elementor-element elementor-element-2a95e5e elementor-widget elementor-widget-heading\" data-id=\"2a95e5e\" data-element_type=\"widget\" data-widget_type=\"heading.default\">\n\t\t\t\t<div class=\"elementor-widget-container\">\n\t\t\t<h2 class=\"elementor-heading-title elementor-size-default\">Oferta Dydaktyczna:\n<\/h2>\t\t<\/div>\n\t\t\t\t<\/div>\n\t\t\t\t\t<\/div>\n\t\t<\/div>\n\t\t\t\t\t<\/div>\n\t\t<\/section>\n\t\t\t\t<section class=\"elementor-section elementor-top-section elementor-element elementor-element-7a4261f elementor-section-boxed elementor-section-height-default elementor-section-height-default\" data-id=\"7a4261f\" data-element_type=\"section\">\n\t\t\t\t\t\t<div class=\"elementor-container elementor-column-gap-default\">\n\t\t\t\t\t<div class=\"elementor-column elementor-col-100 elementor-top-column elementor-element elementor-element-a0466f6\" data-id=\"a0466f6\" data-element_type=\"column\">\n\t\t\t<div class=\"elementor-widget-wrap elementor-element-populated\">\n\t\t\t\t\t\t<div class=\"elementor-element elementor-element-2be9213 elementor-widget elementor-widget-text-editor\" data-id=\"2be9213\" data-element_type=\"widget\" data-widget_type=\"text-editor.default\">\n\t\t\t\t<div class=\"elementor-widget-container\">\n\t\t\t\t\t\t\t<p><span style=\"color: #000000;\"><span style=\"font-family: Tahoma, sans-serif;\"><span style=\"font-size: medium;\">Realizacja podstawy programowej MEN opiera si\u0119 na wsp\u00f3\u0142pracy z wydawnictwem Didasko. Wykorzystujemy zar\u00f3wno program R. Fiolejewskiej \u201eRo\u015bnij z Didasko\u201d jak i podr\u0119czniki \u201eAlbum 3-latka Mi\u015b Pty\u015b&#8221;, &#8222;Album 4-latka Chomik Pacu\u015b&#8221;, &#8222;Literowe Zabawianki&#8221;, &#8222;Poznaj\u0119 \u015bwiat bo mam 6 lat&#8221;. Program wspiera ca\u0142o\u015bciowy rozw\u00f3j dziecka bazuj\u0105c na pozytywnych emocjach.<\/span><\/span><\/span><\/p><p><span style=\"color: #000000;\"><span style=\"font-family: Tahoma, sans-serif;\"><span style=\"font-size: medium;\">W \u015bwiat liczb, poj\u0119\u0107 matematycznych, logicznego my\u015blenia wprowadzamy dzieci poprzez program E. Gruszczyk \u2013 Kolczy\u0144skiej i E. Zieli\u0144skiej \u201eDzieci\u0119ca matematyka\u201d. Metoda I. Majchrzak \u201eNazywanie \u015bwiata &#8211; odimienna metoda nauki czytania&#8221; jest dla naszych wychowank\u00f3w drog\u0105 do samodzielnego czytania.<\/span><\/span><\/span><\/p>\t\t\t\t\t\t<\/div>\n\t\t\t\t<\/div>\n\t\t\t\t\t<\/div>\n\t\t<\/div>\n\t\t\t\t\t<\/div>\n\t\t<\/section>\n\t\t\t\t<section class=\"elementor-section elementor-top-section elementor-element elementor-element-663a1a6 elementor-section-boxed elementor-section-height-default elementor-section-height-default\" data-id=\"663a1a6\" data-element_type=\"section\">\n\t\t\t\t\t\t<div class=\"elementor-container elementor-column-gap-default\">\n\t\t\t\t\t<div class=\"elementor-column elementor-col-100 elementor-top-column elementor-element elementor-element-e3a9326\" data-id=\"e3a9326\" data-element_type=\"column\">\n\t\t\t<div class=\"elementor-widget-wrap elementor-element-populated\">\n\t\t\t\t\t\t<div class=\"elementor-element elementor-element-744d5df elementor-widget elementor-widget-heading\" data-id=\"744d5df\" data-element_type=\"widget\" data-widget_type=\"heading.default\">\n\t\t\t\t<div class=\"elementor-widget-container\">\n\t\t\t<h2 class=\"elementor-heading-title elementor-size-default\">Oferta Zaj\u0119\u0107 Dodatkowych:<\/h2>\t\t<\/div>\n\t\t\t\t<\/div>\n\t\t\t\t\t<\/div>\n\t\t<\/div>\n\t\t\t\t\t<\/div>\n\t\t<\/section>\n\t\t\t\t<section class=\"elementor-section elementor-top-section elementor-element elementor-element-8de0b4c elementor-section-boxed elementor-section-height-default elementor-section-height-default\" data-id=\"8de0b4c\" data-element_type=\"section\">\n\t\t\t\t\t\t<div class=\"elementor-container elementor-column-gap-default\">\n\t\t\t\t\t<div class=\"elementor-column elementor-col-100 elementor-top-column elementor-element elementor-element-c26ffc6\" data-id=\"c26ffc6\" data-element_type=\"column\">\n\t\t\t<div class=\"elementor-widget-wrap elementor-element-populated\">\n\t\t\t\t\t\t<div class=\"elementor-element elementor-element-57d30f1 elementor-widget elementor-widget-text-editor\" data-id=\"57d30f1\" data-element_type=\"widget\" data-widget_type=\"text-editor.default\">\n\t\t\t\t<div class=\"elementor-widget-container\">\n\t\t\t\t\t\t\t<p><span style=\"color: #000000;\"><span style=\"font-family: Tahoma, sans-serif;\"><span style=\"font-size: medium;\">Opr\u00f3cz obowi\u0105zuj\u0105cych zaj\u0119\u0107 dydaktyczno-wychowawczych zapewniamy:<\/span><\/span><\/span><\/p><ul><li><span style=\"color: #000000;\"><span style=\"font-family: Tahoma, sans-serif;\"><span style=\"font-size: medium;\">j\u0119zyk angielski &#8211; 2 x w tygodniu po 30 min. (dwie grupy zawaansowania)<\/span><\/span><\/span><\/li><li><span style=\"color: #000000;\"><span style=\"font-family: Tahoma, sans-serif;\"><span style=\"font-size: medium;\">rytmika z elementami muzykoterapii &#8211; 1 x w tygodniu 60 min. <\/span><\/span><\/span><\/li><li><span style=\"color: #000000;\"><span style=\"font-family: Tahoma, sans-serif;\"><span style=\"font-size: medium;\">ta\u0144ce z elementami baletu \u2013 1 x w tygodniu 30 min.<\/span><\/span><\/span><\/li><li><span style=\"color: #000000;\"><span style=\"font-family: Tahoma, sans-serif;\"><span style=\"font-size: medium;\">ceramik\u0119 \u2013 kilka razy w roku szkolnym<\/span><\/span><\/span><\/li><li><span style=\"color: #000000;\"><span style=\"font-family: Tahoma, sans-serif;\"><span style=\"font-size: medium;\">zaj\u0119cia kulinarne \u2013 okazjonalnie<\/span><\/span><\/span><\/li><li><span style=\"color: #000000;\"><span style=\"font-family: Tahoma, sans-serif;\"><span style=\"font-size: medium;\">zaj\u0119cia z arteterapii<\/span><\/span><\/span><\/li><li><span style=\"color: #000000;\"><span style=\"font-family: Tahoma, sans-serif;\"><span style=\"font-size: medium;\">okazjonalne wyj\u015bcia, wycieczki, lekcje biblioteczne, dogoterapia, poznawanie Krakowa<\/span><\/span><\/span><p><span style=\"color: #000000;\"><span style=\"font-family: Tahoma, sans-serif;\"><span style=\"font-size: medium;\">Nasz\u0105 tradycj\u0105 s\u0105 cztery imprezy przedszkolne z udzia\u0142em rodzic\u00f3w, dziadk\u00f3w: spotkanie Wigilijne, Dzie\u0144 Babci i Dziadka, \u015awi\u0119to Mamy i Taty, Po\u017cegnanie Starszak\u00f3w &#8211; Powitanie Lata.<\/span><\/span><\/span><\/p><\/li><\/ul>\t\t\t\t\t\t<\/div>\n\t\t\t\t<\/div>\n\t\t\t\t\t<\/div>\n\t\t<\/div>\n\t\t\t\t\t<\/div>\n\t\t<\/section>\n\t\t\t\t<section class=\"elementor-section elementor-top-section elementor-element elementor-element-e256605 elementor-section-boxed elementor-section-height-default elementor-section-height-default\" data-id=\"e256605\" data-element_type=\"section\">\n\t\t\t\t\t\t<div class=\"elementor-container elementor-column-gap-default\">\n\t\t\t\t\t<div class=\"elementor-column elementor-col-100 elementor-top-column elementor-element elementor-element-6169e5b\" data-id=\"6169e5b\" data-element_type=\"column\">\n\t\t\t<div class=\"elementor-widget-wrap elementor-element-populated\">\n\t\t\t\t\t\t<div class=\"elementor-element elementor-element-8d3537e elementor-widget elementor-widget-heading\" data-id=\"8d3537e\" data-element_type=\"widget\" data-widget_type=\"heading.default\">\n\t\t\t\t<div class=\"elementor-widget-container\">\n\t\t\t<h2 class=\"elementor-heading-title elementor-size-default\">Cennik:<\/h2>\t\t<\/div>\n\t\t\t\t<\/div>\n\t\t\t\t\t<\/div>\n\t\t<\/div>\n\t\t\t\t\t<\/div>\n\t\t<\/section>\n\t\t\t\t<section class=\"elementor-section elementor-top-section elementor-element elementor-element-d5be142 elementor-section-boxed elementor-section-height-default elementor-section-height-default\" data-id=\"d5be142\" data-element_type=\"section\">\n\t\t\t\t\t\t<div class=\"elementor-container elementor-column-gap-default\">\n\t\t\t\t\t<div class=\"elementor-column elementor-col-100 elementor-top-column elementor-element elementor-element-51b6200\" data-id=\"51b6200\" data-element_type=\"column\">\n\t\t\t<div class=\"elementor-widget-wrap elementor-element-populated\">\n\t\t\t\t\t\t<div class=\"elementor-element elementor-element-186caee elementor-widget elementor-widget-text-editor\" data-id=\"186caee\" data-element_type=\"widget\" data-widget_type=\"text-editor.default\">\n\t\t\t\t<div class=\"elementor-widget-container\">\n\t\t\t\t\t\t\t<ul><li><span style=\"color: #000000;\"><span style=\"font-family: Tahoma, sans-serif;\"><span style=\"font-size: medium;\">Op\u0142ata wpisowa (przy podpisywaniu umowy) pokrywa ubezpieczenie dziecka, podr\u0119cznik oraz wszelkie materia\u0142y papierniczo-plastyczne: <strong>40<\/strong><b>0<\/b> z\u0142.<\/span><\/span><\/span><\/li><li><span style=\"color: #000000;\"><span style=\"font-family: Tahoma, sans-serif;\"><span style=\"font-size: medium;\">Czesne w wysoko\u015bci <strong>70<\/strong><b>0<\/b> z\u0142. obejmuje dwudaniowy obiad, podwieczorek, napoje, zaj\u0119cia z j. angielskiego, ta\u0144ce, rytmik\u0119.<\/span><\/span><\/span><\/li><li><span style=\"color: #000000;\"><span style=\"font-family: Tahoma, sans-serif;\"><span style=\"font-size: medium;\">Dodatkowo p\u0142atne s\u0105: imprezy okoliczno\u015bciowe, wycieczki, wyj\u015bcia do teatru, kina.<\/span><\/span><\/span><\/li><\/ul>\t\t\t\t\t\t<\/div>\n\t\t\t\t<\/div>\n\t\t\t\t\t<\/div>\n\t\t<\/div>\n\t\t\t\t\t<\/div>\n\t\t<\/section>\n\t\t\t\t<\/div>\n\t\t","protected":false},"excerpt":{"rendered":"<p>Oferta Opieku\u0144czo-Wychowawcza: Przedszkole Bajeczka to plac\u00f3wka typu rodzinnego. Jej specyfik\u0105 jest promowanie warto\u015bci dobra, rodziny, m\u0105drego wychowania, pomagania innym. Pragniemy zaszczepi\u0107 w dzieciach wra\u017cliwo\u015b\u0107, mi\u0142o\u015b\u0107 do ksi\u0105\u017cek, poszanowanie przyrody, wiary we w\u0142asne si\u0142y. Tworzymy atmosfer\u0119,<a class=\"read-more\" href=\"https:\/\/bajeczka.krakow.pl\/czyzyny\/oferta\/\">Continue reading<\/a><\/p>\n","protected":false},"author":1,"featured_media":0,"parent":0,"menu_order":0,"comment_status":"closed","ping_status":"closed","template":"page-templates\/page_fullwidth.php","meta":{"footnotes":""},"class_list":["post-28","page","type-page","status-publish","hentry"],"_links":{"self":[{"href":"https:\/\/bajeczka.krakow.pl\/czyzyny\/wp-json\/wp\/v2\/pages\/28","targetHints":{"allow":["GET"]}}],"collection":[{"href":"https:\/\/bajeczka.krakow.pl\/czyzyny\/wp-json\/wp\/v2\/pages"}],"about":[{"href":"https:\/\/bajeczka.krakow.pl\/czyzyny\/wp-json\/wp\/v2\/types\/page"}],"author":[{"embeddable":true,"href":"https:\/\/bajeczka.krakow.pl\/czyzyny\/wp-json\/wp\/v2\/users\/1"}],"replies":[{"embeddable":true,"href":"https:\/\/bajeczka.krakow.pl\/czyzyny\/wp-json\/wp\/v2\/comments?post=28"}],"version-history":[{"count":27,"href":"https:\/\/bajeczka.krakow.pl\/czyzyny\/wp-json\/wp\/v2\/pages\/28\/revisions"}],"predecessor-version":[{"id":486,"href":"https:\/\/bajeczka.krakow.pl\/czyzyny\/wp-json\/wp\/v2\/pages\/28\/revisions\/486"}],"wp:attachment":[{"href":"https:\/\/bajeczka.krakow.pl\/czyzyny\/wp-json\/wp\/v2\/media?parent=28"}],"curies":[{"name":"wp","href":"https:\/\/api.w.org\/{rel}","templated":true}]}}