{"id":11,"date":"2018-10-24T16:39:13","date_gmt":"2018-10-24T14:39:13","guid":{"rendered":"http:\/\/bajeczka.natropiezdumienia.com\/czyzyny\/?page_id=11"},"modified":"2023-04-25T20:40:17","modified_gmt":"2023-04-25T18:40:17","slug":"wspolpracownicy","status":"publish","type":"page","link":"https:\/\/bajeczka.krakow.pl\/czyzyny\/wspolpracownicy\/","title":{"rendered":"Wsp\u00f3\u0142pracownicy"},"content":{"rendered":"\t\t<div data-elementor-type=\"wp-post\" data-elementor-id=\"11\" class=\"elementor elementor-11\">\n\t\t\t\t\t\t<section class=\"elementor-section elementor-top-section elementor-element elementor-element-197dd4f elementor-section-boxed elementor-section-height-default elementor-section-height-default\" data-id=\"197dd4f\" data-element_type=\"section\">\n\t\t\t\t\t\t<div class=\"elementor-container elementor-column-gap-default\">\n\t\t\t\t\t<div class=\"elementor-column elementor-col-100 elementor-top-column elementor-element elementor-element-6211e27\" data-id=\"6211e27\" data-element_type=\"column\">\n\t\t\t<div class=\"elementor-widget-wrap elementor-element-populated\">\n\t\t\t\t\t\t<div class=\"elementor-element elementor-element-34dde29 elementor-widget elementor-widget-text-editor\" data-id=\"34dde29\" data-element_type=\"widget\" data-widget_type=\"text-editor.default\">\n\t\t\t\t<div class=\"elementor-widget-container\">\n\t\t\t\t\t\t\t<ol><li><h3><span style=\"font-family: Tahoma, sans-serif;\"><span style=\"font-size: medium;\">mgr Marta Szczepaniak &#8211; Pedagog Przedszkola Specjalnego nr 100 w Krakowie, nauczyciel rytmiki z elementami muzykoterapii.<\/span><\/span><\/h3><\/li><li><span style=\"font-family: Tahoma, sans-serif;\"><span style=\"font-size: medium;\">Szko\u0142a J\u0119zykowa Leader School prowadz\u0105ca nauk\u0119 j. angielskiego wed\u0142ug w\u0142asnej metody Leo English polegaj\u0105cej min. na zastosowaniu r\u00f3\u017cnych aktywno\u015bci i narz\u0119dzi anga\u017cuj\u0105cych wszystkie zmys\u0142y dzieci. (<a href=\"http:\/\/krakow.leaderschool.pl\" target=\"_blank\" rel=\"noopener\">http:\/\/krakow.leaderschool.pl<\/a>)<\/span><\/span><\/li><li><span style=\"font-family: Tahoma, sans-serif;\"><span style=\"font-size: medium;\">Anisa Kids \u2013 Firma prowadzona przez Ann\u0119 G\u00f3lick\u0105 \u2013 wieloletni\u0105 tancerk\u0119 orientaln\u0105 oraz baletow\u0105.<\/span><\/span><\/li><li><span style=\"font-family: Tahoma, sans-serif;\"><span style=\"font-size: medium;\">Mano Pracownia \u2013 Pracownia ceramiczna prowadzona przez Magd\u0119 Skorup\u0119 \u2013 absolwentk\u0119 kierunku Pedagogika wczesnoszkolna z wychowaniem plastycznym. (<a href=\"https:\/\/www.facebook.com\/MANOpracownia\/\" target=\"_blank\" rel=\"noopener\">https:\/\/www.facebook.com\/MANOpracownia\/<\/a>)<\/span><\/span><\/li><li><span style=\"font-family: Tahoma, sans-serif;\"><span style=\"font-size: medium;\">Teatr Skrzat \u2013 Impresariat artystyczny, kt\u00f3ry od 1993 roku prowadzi przedstawienia teatralne, animacje oraz imprezy okoliczno\u015bciowe. W ofercie teatru znajduje si\u0119 kilkana\u015bcie tytu\u0142\u00f3w przedstawie\u0144 dla dzieci opartych g\u0142\u00f3wnie na klasyce polskiej literatury dzieci\u0119cej (<a href=\"http:\/\/www.teatr-skrzat.pl\" target=\"_blank\" rel=\"noopener\">www.teatr-skrzat.pl<\/a>).<\/span><\/span><\/li><li><span style=\"font-size: medium; font-family: Tahoma, sans-serif;\">Firma Cateringowa Warzywko pracuj\u0105ca pod \u015bcis\u0142ym nadzorem Sanepidu.<\/span><\/li><\/ol>\t\t\t\t\t\t<\/div>\n\t\t\t\t<\/div>\n\t\t\t\t\t<\/div>\n\t\t<\/div>\n\t\t\t\t\t<\/div>\n\t\t<\/section>\n\t\t\t\t<\/div>\n\t\t","protected":false},"excerpt":{"rendered":"<p>mgr Marta Szczepaniak &#8211; Pedagog Przedszkola Specjalnego nr 100 w Krakowie, nauczyciel rytmiki z elementami muzykoterapii. Szko\u0142a J\u0119zykowa Leader School prowadz\u0105ca nauk\u0119 j. angielskiego wed\u0142ug w\u0142asnej metody Leo English polegaj\u0105cej min. na zastosowaniu r\u00f3\u017cnych aktywno\u015bci<a class=\"read-more\" href=\"https:\/\/bajeczka.krakow.pl\/czyzyny\/wspolpracownicy\/\">Continue reading<\/a><\/p>\n","protected":false},"author":1,"featured_media":0,"parent":0,"menu_order":0,"comment_status":"closed","ping_status":"closed","template":"page-templates\/page_fullwidth.php","meta":{"footnotes":""},"class_list":["post-11","page","type-page","status-publish","hentry"],"_links":{"self":[{"href":"https:\/\/bajeczka.krakow.pl\/czyzyny\/wp-json\/wp\/v2\/pages\/11","targetHints":{"allow":["GET"]}}],"collection":[{"href":"https:\/\/bajeczka.krakow.pl\/czyzyny\/wp-json\/wp\/v2\/pages"}],"about":[{"href":"https:\/\/bajeczka.krakow.pl\/czyzyny\/wp-json\/wp\/v2\/types\/page"}],"author":[{"embeddable":true,"href":"https:\/\/bajeczka.krakow.pl\/czyzyny\/wp-json\/wp\/v2\/users\/1"}],"replies":[{"embeddable":true,"href":"https:\/\/bajeczka.krakow.pl\/czyzyny\/wp-json\/wp\/v2\/comments?post=11"}],"version-history":[{"count":10,"href":"https:\/\/bajeczka.krakow.pl\/czyzyny\/wp-json\/wp\/v2\/pages\/11\/revisions"}],"predecessor-version":[{"id":260,"href":"https:\/\/bajeczka.krakow.pl\/czyzyny\/wp-json\/wp\/v2\/pages\/11\/revisions\/260"}],"wp:attachment":[{"href":"https:\/\/bajeczka.krakow.pl\/czyzyny\/wp-json\/wp\/v2\/media?parent=11"}],"curies":[{"name":"wp","href":"https:\/\/api.w.org\/{rel}","templated":true}]}}